                                                                                                                                                                                                                                                                                                                                                                                                                                                                                                                                                                                                                                                                                                                                                                                                                                                        

{"id":53,"date":"2023-05-03T07:50:05","date_gmt":"2023-05-03T07:50:05","guid":{"rendered":"https:\/\/x-profil.dk\/?page_id=53"},"modified":"2023-07-04T08:17:38","modified_gmt":"2023-07-04T08:17:38","slug":"forside","status":"publish","type":"page","link":"https:\/\/x-profil.dk\/","title":{"rendered":"Forside"},"content":{"rendered":"\t\t<div data-elementor-type=\"wp-page\" data-elementor-id=\"53\" class=\"elementor elementor-53\">\n\t\t\t\t\t\t<section class=\"elementor-section elementor-top-section elementor-element elementor-element-1fc5fa6 elementor-section-full_width elementor-section-height-default elementor-section-height-default\" data-id=\"1fc5fa6\" data-element_type=\"section\" data-e-type=\"section\">\n\t\t\t\t\t\t<div class=\"elementor-container elementor-column-gap-default\">\n\t\t\t\t\t<div class=\"elementor-column elementor-col-100 elementor-top-column elementor-element elementor-element-531540d\" data-id=\"531540d\" data-element_type=\"column\" data-e-type=\"column\">\n\t\t\t<div class=\"elementor-widget-wrap elementor-element-populated\">\n\t\t\t\t\t\t<div class=\"elementor-element elementor-element-3b11457 elementor-widget elementor-widget-spacer\" data-id=\"3b11457\" data-element_type=\"widget\" data-e-type=\"widget\" data-widget_type=\"spacer.default\">\n\t\t\t\t<div class=\"elementor-widget-container\">\n\t\t\t\t\t\t\t<div class=\"elementor-spacer\">\n\t\t\t<div class=\"elementor-spacer-inner\"><\/div>\n\t\t<\/div>\n\t\t\t\t\t\t<\/div>\n\t\t\t\t<\/div>\n\t\t\t\t<div class=\"elementor-element elementor-element-dbb6e72 animated-slow elementor-invisible elementor-widget elementor-widget-image\" data-id=\"dbb6e72\" data-element_type=\"widget\" data-e-type=\"widget\" data-settings=\"{&quot;_animation&quot;:&quot;fadeIn&quot;}\" data-widget_type=\"image.default\">\n\t\t\t\t<div class=\"elementor-widget-container\">\n\t\t\t\t\t\t\t\t\t\t\t\t\t\t\t<img fetchpriority=\"high\" decoding=\"async\" width=\"619\" height=\"650\" src=\"https:\/\/x-profil.dk\/wp-content\/uploads\/2023\/07\/Asset-21-1.png\" class=\"attachment-full size-full wp-image-544\" alt=\"\" srcset=\"https:\/\/x-profil.dk\/wp-content\/uploads\/2023\/07\/Asset-21-1.png 619w, https:\/\/x-profil.dk\/wp-content\/uploads\/2023\/07\/Asset-21-1-286x300.png 286w\" sizes=\"(max-width: 619px) 100vw, 619px\" \/>\t\t\t\t\t\t\t\t\t\t\t\t\t\t\t<\/div>\n\t\t\t\t<\/div>\n\t\t\t\t<div class=\"elementor-element elementor-element-abdc93a elementor-widget elementor-widget-spacer\" data-id=\"abdc93a\" data-element_type=\"widget\" data-e-type=\"widget\" data-widget_type=\"spacer.default\">\n\t\t\t\t<div class=\"elementor-widget-container\">\n\t\t\t\t\t\t\t<div class=\"elementor-spacer\">\n\t\t\t<div class=\"elementor-spacer-inner\"><\/div>\n\t\t<\/div>\n\t\t\t\t\t\t<\/div>\n\t\t\t\t<\/div>\n\t\t\t\t\t<\/div>\n\t\t<\/div>\n\t\t\t\t\t<\/div>\n\t\t<\/section>\n\t\t\t\t<section class=\"elementor-section elementor-top-section elementor-element elementor-element-fb47236 elementor-section-boxed elementor-section-height-default elementor-section-height-default elementor-invisible\" data-id=\"fb47236\" data-element_type=\"section\" data-e-type=\"section\" data-settings=\"{&quot;animation&quot;:&quot;fadeIn&quot;}\">\n\t\t\t\t\t\t<div class=\"elementor-container elementor-column-gap-default\">\n\t\t\t\t\t<div class=\"elementor-column elementor-col-50 elementor-top-column elementor-element elementor-element-00a7e99\" data-id=\"00a7e99\" data-element_type=\"column\" data-e-type=\"column\">\n\t\t\t<div class=\"elementor-widget-wrap elementor-element-populated\">\n\t\t\t\t\t\t<div class=\"elementor-element elementor-element-cfbd007 elementor-widget elementor-widget-heading\" data-id=\"cfbd007\" data-element_type=\"widget\" data-e-type=\"widget\" data-widget_type=\"heading.default\">\n\t\t\t\t<div class=\"elementor-widget-container\">\n\t\t\t\t\t<h2 class=\"elementor-heading-title elementor-size-default\">Et stort og varieret udvalg<\/h2>\t\t\t\t<\/div>\n\t\t\t\t<\/div>\n\t\t\t\t<div class=\"elementor-element elementor-element-61b1124 elementor-widget elementor-widget-text-editor\" data-id=\"61b1124\" data-element_type=\"widget\" data-e-type=\"widget\" data-widget_type=\"text-editor.default\">\n\t\t\t\t<div class=\"elementor-widget-container\">\n\t\t\t\t\t\t\t\t\t<p>X-profil s\u00e6lger et stort og varieret udvalg i profil- og arbejdst\u00f8j. Hvad enten du s\u00f8ger overalls, t-shirts til arbejdssjakket eller sikkerhedssko, s\u00e5 har vi et k\u00e6mpe udvalg, og vi st\u00e5r altid klar til at hj\u00e6lpe dig. Vi samarbejder naturligvis med de f\u00f8rende leverand\u00f8rer indenfor workwear og profilt\u00f8j, hvor vi plukker det bedste fra vores udvalgte specialistleverand\u00f8rer, og det sikrer dig, at vi tilbyder et varietet arbejdst\u00f8jsprogram til den rigtige pris.<\/p><p>Vores forslag til en komplet kollektion med god sammenh\u00e6ng mellem pris\/kvalitet kunne v\u00e6re:<\/p>\t\t\t\t\t\t\t\t<\/div>\n\t\t\t\t<\/div>\n\t\t\t\t<section class=\"elementor-section elementor-inner-section elementor-element elementor-element-de9d54a elementor-section-boxed elementor-section-height-default elementor-section-height-default\" data-id=\"de9d54a\" data-element_type=\"section\" data-e-type=\"section\">\n\t\t\t\t\t\t<div class=\"elementor-container elementor-column-gap-default\">\n\t\t\t\t\t<div class=\"elementor-column elementor-col-50 elementor-inner-column elementor-element elementor-element-d35ec05\" data-id=\"d35ec05\" data-element_type=\"column\" data-e-type=\"column\">\n\t\t\t<div class=\"elementor-widget-wrap elementor-element-populated\">\n\t\t\t\t\t\t<div class=\"elementor-element elementor-element-ebe682a elementor-widget elementor-widget-heading\" data-id=\"ebe682a\" data-element_type=\"widget\" data-e-type=\"widget\" data-widget_type=\"heading.default\">\n\t\t\t\t<div class=\"elementor-widget-container\">\n\t\t\t\t\t<h2 class=\"elementor-heading-title elementor-size-default\">PRODUKT<\/h2>\t\t\t\t<\/div>\n\t\t\t\t<\/div>\n\t\t\t\t<div class=\"elementor-element elementor-element-304435d elementor-widget elementor-widget-text-editor\" data-id=\"304435d\" data-element_type=\"widget\" data-e-type=\"widget\" data-widget_type=\"text-editor.default\">\n\t\t\t\t<div class=\"elementor-widget-container\">\n\t\t\t\t\t\t\t\t\t<p>Vinterjakke<\/p><p>Basic T-Shirt<\/p><p>Basic Sweat<\/p><p>Fleece<\/p><p>Softshell<\/p><p>Stretch Arbejdsbuks<\/p><p>Semi Arbejdsbuks<\/p>\t\t\t\t\t\t\t\t<\/div>\n\t\t\t\t<\/div>\n\t\t\t\t\t<\/div>\n\t\t<\/div>\n\t\t\t\t<div class=\"elementor-column elementor-col-50 elementor-inner-column elementor-element elementor-element-de30e39\" data-id=\"de30e39\" data-element_type=\"column\" data-e-type=\"column\">\n\t\t\t<div class=\"elementor-widget-wrap elementor-element-populated\">\n\t\t\t\t\t\t<div class=\"elementor-element elementor-element-3f7b458 elementor-widget elementor-widget-heading\" data-id=\"3f7b458\" data-element_type=\"widget\" data-e-type=\"widget\" data-widget_type=\"heading.default\">\n\t\t\t\t<div class=\"elementor-widget-container\">\n\t\t\t\t\t<h2 class=\"elementor-heading-title elementor-size-default\">BRAND<\/h2>\t\t\t\t<\/div>\n\t\t\t\t<\/div>\n\t\t\t\t<div class=\"elementor-element elementor-element-b52b8ca elementor-widget elementor-widget-text-editor\" data-id=\"b52b8ca\" data-element_type=\"widget\" data-e-type=\"widget\" data-widget_type=\"text-editor.default\">\n\t\t\t\t<div class=\"elementor-widget-container\">\n\t\t\t\t\t\t\t\t\t<p>Lyngs\u00f8e Rainwear<\/p><p>ID identity<\/p><p>Cligue<\/p><p>James &amp; Nicholson<\/p><p>Lyngs\u00f8e Rainwear<\/p><p>F. Engel<\/p><p>Snickers<\/p>\t\t\t\t\t\t\t\t<\/div>\n\t\t\t\t<\/div>\n\t\t\t\t\t<\/div>\n\t\t<\/div>\n\t\t\t\t\t<\/div>\n\t\t<\/section>\n\t\t\t\t<div class=\"elementor-element elementor-element-4250371 elementor-widget elementor-widget-text-editor\" data-id=\"4250371\" data-element_type=\"widget\" data-e-type=\"widget\" data-widget_type=\"text-editor.default\">\n\t\t\t\t<div class=\"elementor-widget-container\">\n\t\t\t\t\t\t\t\t\t<p>Foretr\u00e6kker du andre m\u00e6rker eller brands, s\u00e5 sig til &#8211; vi g\u00e5r langt for at sammens\u00e6tte den rette kollektion for dig.<\/p><p>Vi har eget trykkeri in-house \u2013 det sikrer dig hurtig levering. Og vi gemmer dit logo, s\u00e5 du hurtig kan f\u00e5 suppleret op til en ny medarbejder.<\/p><p>Kig rundt p\u00e5 vores hjemmeside og bliv inspireret. Find det, der kunne d\u00e6kke dine behov \u2026 eller det, som n\u00e6sten d\u00e6kker dine behov \u2026 og s\u00e5 ringer du til os. Har du tekniske sp\u00f8rgsm\u00e5l om sikkerhed og holdbarhed, om farver eller st\u00f8rrelser, s\u00e5 er du altid velkommen til at kontakte os p\u00e5 mail info@x-profil.dk eller ringe til os p\u00e5 tlf. 40 74 48 47.<\/p><p>Du er altid velkommen i vores showroom p\u00e5 Tjelevej 34C, Herning \u2013 vi har altid en uforpligtende kop kaffe p\u00e5 kanden.<\/p>\t\t\t\t\t\t\t\t<\/div>\n\t\t\t\t<\/div>\n\t\t\t\t\t<\/div>\n\t\t<\/div>\n\t\t\t\t<div class=\"elementor-column elementor-col-50 elementor-top-column elementor-element elementor-element-6925bd2\" data-id=\"6925bd2\" data-element_type=\"column\" data-e-type=\"column\">\n\t\t\t<div class=\"elementor-widget-wrap elementor-element-populated\">\n\t\t\t\t\t\t<div class=\"elementor-element elementor-element-aa5ed5b elementor-hidden-tablet elementor-hidden-phone elementor-widget elementor-widget-spacer\" data-id=\"aa5ed5b\" data-element_type=\"widget\" data-e-type=\"widget\" data-widget_type=\"spacer.default\">\n\t\t\t\t<div class=\"elementor-widget-container\">\n\t\t\t\t\t\t\t<div class=\"elementor-spacer\">\n\t\t\t<div class=\"elementor-spacer-inner\"><\/div>\n\t\t<\/div>\n\t\t\t\t\t\t<\/div>\n\t\t\t\t<\/div>\n\t\t\t\t<div class=\"elementor-element elementor-element-00b1ffe elementor-widget elementor-widget-image\" data-id=\"00b1ffe\" data-element_type=\"widget\" data-e-type=\"widget\" data-widget_type=\"image.default\">\n\t\t\t\t<div class=\"elementor-widget-container\">\n\t\t\t\t\t\t\t\t\t\t\t\t\t\t\t<img decoding=\"async\" width=\"800\" height=\"642\" src=\"https:\/\/x-profil.dk\/wp-content\/uploads\/2023\/07\/forside.jpg\" class=\"attachment-large size-large wp-image-503\" alt=\"\" srcset=\"https:\/\/x-profil.dk\/wp-content\/uploads\/2023\/07\/forside.jpg 868w, https:\/\/x-profil.dk\/wp-content\/uploads\/2023\/07\/forside-300x241.jpg 300w, https:\/\/x-profil.dk\/wp-content\/uploads\/2023\/07\/forside-768x617.jpg 768w\" sizes=\"(max-width: 800px) 100vw, 800px\" \/>\t\t\t\t\t\t\t\t\t\t\t\t\t\t\t<\/div>\n\t\t\t\t<\/div>\n\t\t\t\t\t<\/div>\n\t\t<\/div>\n\t\t\t\t\t<\/div>\n\t\t<\/section>\n\t\t\t\t<section class=\"elementor-section elementor-top-section elementor-element elementor-element-a2d8153 elementor-hidden-tablet elementor-hidden-phone elementor-section-boxed elementor-section-height-default elementor-section-height-default\" data-id=\"a2d8153\" data-element_type=\"section\" data-e-type=\"section\">\n\t\t\t\t\t\t<div class=\"elementor-container elementor-column-gap-default\">\n\t\t\t\t\t<div class=\"elementor-column elementor-col-100 elementor-top-column elementor-element elementor-element-875de44\" data-id=\"875de44\" data-element_type=\"column\" data-e-type=\"column\">\n\t\t\t<div class=\"elementor-widget-wrap elementor-element-populated\">\n\t\t\t\t\t\t<div class=\"elementor-element elementor-element-04e8364 elementor-widget elementor-widget-spacer\" data-id=\"04e8364\" data-element_type=\"widget\" data-e-type=\"widget\" data-widget_type=\"spacer.default\">\n\t\t\t\t<div class=\"elementor-widget-container\">\n\t\t\t\t\t\t\t<div class=\"elementor-spacer\">\n\t\t\t<div class=\"elementor-spacer-inner\"><\/div>\n\t\t<\/div>\n\t\t\t\t\t\t<\/div>\n\t\t\t\t<\/div>\n\t\t\t\t\t<\/div>\n\t\t<\/div>\n\t\t\t\t\t<\/div>\n\t\t<\/section>\n\t\t\t\t<\/div>\n\t\t","protected":false},"excerpt":{"rendered":"<p>Et stort og varieret udvalg X-profil s\u00e6lger et stort og varieret udvalg i profil- og arbejdst\u00f8j. Hvad enten du s\u00f8ger overalls, t-shirts til arbejdssjakket eller sikkerhedssko, s\u00e5 har vi et k\u00e6mpe udvalg, og vi st\u00e5r altid klar til at hj\u00e6lpe dig. Vi samarbejder naturligvis med de f\u00f8rende leverand\u00f8rer indenfor workwear og profilt\u00f8j, hvor vi plukker [&hellip;]<\/p>\n","protected":false},"author":1,"featured_media":0,"parent":0,"menu_order":0,"comment_status":"closed","ping_status":"open","template":"","meta":{"_acf_changed":false,"inline_featured_image":false,"footnotes":""},"class_list":["post-53","page","type-page","status-publish","hentry"],"acf":[],"_links":{"self":[{"href":"https:\/\/x-profil.dk\/index.php\/wp-json\/wp\/v2\/pages\/53","targetHints":{"allow":["GET"]}}],"collection":[{"href":"https:\/\/x-profil.dk\/index.php\/wp-json\/wp\/v2\/pages"}],"about":[{"href":"https:\/\/x-profil.dk\/index.php\/wp-json\/wp\/v2\/types\/page"}],"author":[{"embeddable":true,"href":"https:\/\/x-profil.dk\/index.php\/wp-json\/wp\/v2\/users\/1"}],"replies":[{"embeddable":true,"href":"https:\/\/x-profil.dk\/index.php\/wp-json\/wp\/v2\/comments?post=53"}],"version-history":[{"count":97,"href":"https:\/\/x-profil.dk\/index.php\/wp-json\/wp\/v2\/pages\/53\/revisions"}],"predecessor-version":[{"id":547,"href":"https:\/\/x-profil.dk\/index.php\/wp-json\/wp\/v2\/pages\/53\/revisions\/547"}],"wp:attachment":[{"href":"https:\/\/x-profil.dk\/index.php\/wp-json\/wp\/v2\/media?parent=53"}],"curies":[{"name":"wp","href":"https:\/\/api.w.org\/{rel}","templated":true}]}}