                                                                                                                                                                                                                                                                                                                                                                                                                                                                                                                                                                                                                                                                                                                                                                                                                                                        

{"id":475,"date":"2023-06-30T11:15:32","date_gmt":"2023-06-30T11:15:32","guid":{"rendered":"https:\/\/x-profil.dk\/?page_id=475"},"modified":"2023-07-03T07:50:10","modified_gmt":"2023-07-03T07:50:10","slug":"om-os","status":"publish","type":"page","link":"https:\/\/x-profil.dk\/index.php\/om-os\/","title":{"rendered":"Om os"},"content":{"rendered":"\t\t<div data-elementor-type=\"wp-page\" data-elementor-id=\"475\" class=\"elementor elementor-475\">\n\t\t\t\t\t\t<section class=\"elementor-section elementor-top-section elementor-element elementor-element-d0b8cfe elementor-section-boxed elementor-section-height-default elementor-section-height-default\" data-id=\"d0b8cfe\" data-element_type=\"section\" data-e-type=\"section\">\n\t\t\t\t\t\t<div class=\"elementor-container elementor-column-gap-default\">\n\t\t\t\t\t<div class=\"elementor-column elementor-col-100 elementor-top-column elementor-element elementor-element-b156545\" data-id=\"b156545\" data-element_type=\"column\" data-e-type=\"column\">\n\t\t\t<div class=\"elementor-widget-wrap elementor-element-populated\">\n\t\t\t\t\t\t<div class=\"elementor-element elementor-element-ffce713 elementor-widget elementor-widget-spacer\" data-id=\"ffce713\" data-element_type=\"widget\" data-e-type=\"widget\" data-widget_type=\"spacer.default\">\n\t\t\t\t<div class=\"elementor-widget-container\">\n\t\t\t\t\t\t\t<div class=\"elementor-spacer\">\n\t\t\t<div class=\"elementor-spacer-inner\"><\/div>\n\t\t<\/div>\n\t\t\t\t\t\t<\/div>\n\t\t\t\t<\/div>\n\t\t\t\t\t<\/div>\n\t\t<\/div>\n\t\t\t\t\t<\/div>\n\t\t<\/section>\n\t\t\t\t<section class=\"elementor-section elementor-top-section elementor-element elementor-element-4cadb1d1 elementor-section-boxed elementor-section-height-default elementor-section-height-default elementor-invisible\" data-id=\"4cadb1d1\" data-element_type=\"section\" data-e-type=\"section\" data-settings=\"{&quot;animation&quot;:&quot;fadeIn&quot;}\">\n\t\t\t\t\t\t<div class=\"elementor-container elementor-column-gap-default\">\n\t\t\t\t\t<div class=\"elementor-column elementor-col-50 elementor-top-column elementor-element elementor-element-2e505b59\" data-id=\"2e505b59\" data-element_type=\"column\" data-e-type=\"column\">\n\t\t\t<div class=\"elementor-widget-wrap elementor-element-populated\">\n\t\t\t\t\t\t<div class=\"elementor-element elementor-element-68ab55cd elementor-widget elementor-widget-heading\" data-id=\"68ab55cd\" data-element_type=\"widget\" data-e-type=\"widget\" data-widget_type=\"heading.default\">\n\t\t\t\t<div class=\"elementor-widget-container\">\n\t\t\t\t\t<h2 class=\"elementor-heading-title elementor-size-default\">Om X-Profil<\/h2>\t\t\t\t<\/div>\n\t\t\t\t<\/div>\n\t\t\t\t<div class=\"elementor-element elementor-element-7779dd26 elementor-widget elementor-widget-heading\" data-id=\"7779dd26\" data-element_type=\"widget\" data-e-type=\"widget\" data-widget_type=\"heading.default\">\n\t\t\t\t<div class=\"elementor-widget-container\">\n\t\t\t\t\t<h2 class=\"elementor-heading-title elementor-size-default\">Et stort og varieret udvalg i profil- og arbejdst\u00f8j <\/h2>\t\t\t\t<\/div>\n\t\t\t\t<\/div>\n\t\t\t\t<div class=\"elementor-element elementor-element-1afe1e1d elementor-widget elementor-widget-text-editor\" data-id=\"1afe1e1d\" data-element_type=\"widget\" data-e-type=\"widget\" data-widget_type=\"text-editor.default\">\n\t\t\t\t<div class=\"elementor-widget-container\">\n\t\t\t\t\t\t\t\t\t<p><span data-contrast=\"none\">X-Profil s\u00e6lger profil- og arbejdst\u00f8j, sikkerhedssko og fritidsbekl\u00e6dning, der beskytter dig i dit job og kl\u00e6der dig ogs\u00e5 p\u00e5 i din fritid. Vi har et bredt udvalg fra leverand\u00f8rer som Engel, Snickers, ID, Tee Jays, Lyngs\u00f8e m.fl. Vi forhandler en lang r\u00e6kke produkter i forskelligt prisleje. Alle vore produkter, styles og accessories er n\u00f8je udvalgt til at blive brugt p\u00e5 mange forskellige arbejdspladser og brancher.<\/span><\/p>\t\t\t\t\t\t\t\t<\/div>\n\t\t\t\t<\/div>\n\t\t\t\t<div class=\"elementor-element elementor-element-52ecebbd elementor-widget elementor-widget-heading\" data-id=\"52ecebbd\" data-element_type=\"widget\" data-e-type=\"widget\" data-widget_type=\"heading.default\">\n\t\t\t\t<div class=\"elementor-widget-container\">\n\t\t\t\t\t<h2 class=\"elementor-heading-title elementor-size-default\">En komplet kollektion <\/h2>\t\t\t\t<\/div>\n\t\t\t\t<\/div>\n\t\t\t\t<div class=\"elementor-element elementor-element-24fe51ae elementor-widget elementor-widget-text-editor\" data-id=\"24fe51ae\" data-element_type=\"widget\" data-e-type=\"widget\" data-widget_type=\"text-editor.default\">\n\t\t\t\t<div class=\"elementor-widget-container\">\n\t\t\t\t\t\t\t\t\t<p><span class=\"TextRun SCXW76635224 BCX0\" lang=\"DA-DK\" xml:lang=\"DA-DK\" data-contrast=\"none\"><span class=\"NormalTextRun SCXW76635224 BCX0\" data-ccp-parastyle=\"Normal (Web)\">Vi <\/span><span class=\"NormalTextRun SCXW76635224 BCX0\" data-ccp-parastyle=\"Normal (Web)\">kan <\/span><span class=\"NormalTextRun SCXW76635224 BCX0\" data-ccp-parastyle=\"Normal (Web)\">sammens\u00e6tte en komplet kollektion indenfor profil- og arbejdsbekl\u00e6dning, hvor du tilbydes de bedste produkter fra vore<\/span><span class=\"NormalTextRun SCXW76635224 BCX0\" data-ccp-parastyle=\"Normal (Web)\">s<\/span><span class=\"NormalTextRun SCXW76635224 BCX0\" data-ccp-parastyle=\"Normal (Web)\"> mange <\/span><span class=\"NormalTextRun SCXW76635224 BCX0\" data-ccp-parastyle=\"Normal (Web)\">sp<\/span><span class=\"NormalTextRun SCXW76635224 BCX0\" data-ccp-parastyle=\"Normal (Web)\">e<\/span><span class=\"NormalTextRun SCXW76635224 BCX0\" data-ccp-parastyle=\"Normal (Web)\">cialist<\/span><span class=\"NormalTextRun SCXW76635224 BCX0\" data-ccp-parastyle=\"Normal (Web)\">leverand\u00f8rer \u2013 altid ud fra dine behov, altid til den bedste pris \u2013 og uden at g\u00e5 p\u00e5 kompromis med kvaliteten<\/span><span class=\"NormalTextRun SCXW76635224 BCX0\" data-ccp-parastyle=\"Normal (Web)\">. Produkterne <\/span><span class=\"NormalTextRun SCXW76635224 BCX0\" data-ccp-parastyle=\"Normal (Web)\">kan sammens\u00e6tte<\/span><span class=\"NormalTextRun SCXW76635224 BCX0\" data-ccp-parastyle=\"Normal (Web)\">s <\/span><span class=\"NormalTextRun SCXW76635224 BCX0\" data-ccp-parastyle=\"Normal (Web)\">p\u00e5 kryds og tv\u00e6rs af leverand\u00f8rerne &#8211; og dermed opn\u00e5 lige pr\u00e6cis d\u00e9n kollektion, der bedst opfylder dine behov.<\/span> <span class=\"NormalTextRun SCXW76635224 BCX0\" data-ccp-parastyle=\"Normal (Web)\">Vi tilbyder ligeledes tryk og broderi.<\/span><\/span><span class=\"EOP SCXW76635224 BCX0\" data-ccp-props=\"{&quot;134233117&quot;:true,&quot;134233118&quot;:true,&quot;201341983&quot;:0,&quot;335559740&quot;:240}\">\u00a0<\/span><\/p>\t\t\t\t\t\t\t\t<\/div>\n\t\t\t\t<\/div>\n\t\t\t\t<div class=\"elementor-element elementor-element-26e8ce65 elementor-widget elementor-widget-heading\" data-id=\"26e8ce65\" data-element_type=\"widget\" data-e-type=\"widget\" data-widget_type=\"heading.default\">\n\t\t\t\t<div class=\"elementor-widget-container\">\n\t\t\t\t\t<h2 class=\"elementor-heading-title elementor-size-default\">Mange \u00e5rs erfaring fra tekstilbranchen <\/h2>\t\t\t\t<\/div>\n\t\t\t\t<\/div>\n\t\t\t\t<div class=\"elementor-element elementor-element-734e1bc4 elementor-widget elementor-widget-text-editor\" data-id=\"734e1bc4\" data-element_type=\"widget\" data-e-type=\"widget\" data-widget_type=\"text-editor.default\">\n\t\t\t\t<div class=\"elementor-widget-container\">\n\t\t\t\t\t\t\t\t\t<p><span class=\"NormalTextRun SCXW219317220 BCX0\">I kraft af vores mange \u00e5r i <\/span><span class=\"NormalTextRun SCXW219317220 BCX0\">tekstil<\/span><span class=\"NormalTextRun SCXW219317220 BCX0\">branchen<\/span><span class=\"NormalTextRun SCXW219317220 BCX0\">, som har givet os stor <\/span><span class=\"NormalTextRun SCXW219317220 BCX0\">indsigt <\/span><span class=\"NormalTextRun SCXW219317220 BCX0\">inden for b\u00e5de produktion<\/span><span class=\"NormalTextRun SCXW219317220 BCX0\">, kvalitet<\/span><span class=\"NormalTextRun SCXW219317220 BCX0\"> og salg, <\/span><span class=\"NormalTextRun SCXW219317220 BCX0\">har vi stor <\/span><span class=\"NormalTextRun SCXW219317220 BCX0\">viden, som vi <\/span><span class=\"NormalTextRun SCXW219317220 BCX0\">gerne <\/span><span class=\"NormalTextRun SCXW219317220 BCX0\">deler <\/span><span class=\"NormalTextRun SCXW219317220 BCX0\">med dig<\/span><span class=\"NormalTextRun SCXW219317220 BCX0\"> \u2013 fx omkring <\/span><span class=\"NormalTextRun SCXW219317220 BCX0\">sikkerhed, <\/span><span class=\"NormalTextRun SCXW219317220 BCX0\">st\u00f8rrelser, farver, kvalitet og holdbarhed.<\/span> <span class=\"NormalTextRun SCXW219317220 BCX0\">Vores naturlige <\/span><span class=\"NormalTextRun SCXW219317220 BCX0\">nysge<\/span><span class=\"NormalTextRun SCXW219317220 BCX0\">r<\/span><span class=\"NormalTextRun SCXW219317220 BCX0\">righed for nye trends<\/span><span class=\"NormalTextRun SCXW219317220 BCX0\">, kvaliteter og b\u00e6redygtighed<\/span><span class=\"NormalTextRun SCXW219317220 BCX0\"> indenfor branchen, g\u00f8r at vi altid er up to date<\/span><span class=\"NormalTextRun SCXW219317220 BCX0\">, og derfor kan vi give dig de<\/span><span class=\"NormalTextRun SCXW219317220 BCX0\">n meste komplette kollektion, der opfylder dine behov til den rigtige pris.<\/span><\/p>\t\t\t\t\t\t\t\t<\/div>\n\t\t\t\t<\/div>\n\t\t\t\t\t<\/div>\n\t\t<\/div>\n\t\t\t\t<div class=\"elementor-column elementor-col-50 elementor-top-column elementor-element elementor-element-3a0b3fa4\" data-id=\"3a0b3fa4\" data-element_type=\"column\" data-e-type=\"column\">\n\t\t\t<div class=\"elementor-widget-wrap elementor-element-populated\">\n\t\t\t\t\t\t<div class=\"elementor-element elementor-element-e2b451f elementor-hidden-tablet elementor-hidden-phone elementor-widget elementor-widget-spacer\" data-id=\"e2b451f\" data-element_type=\"widget\" data-e-type=\"widget\" data-widget_type=\"spacer.default\">\n\t\t\t\t<div class=\"elementor-widget-container\">\n\t\t\t\t\t\t\t<div class=\"elementor-spacer\">\n\t\t\t<div class=\"elementor-spacer-inner\"><\/div>\n\t\t<\/div>\n\t\t\t\t\t\t<\/div>\n\t\t\t\t<\/div>\n\t\t\t\t<div class=\"elementor-element elementor-element-d81b01 elementor-widget elementor-widget-image\" data-id=\"d81b01\" data-element_type=\"widget\" data-e-type=\"widget\" data-widget_type=\"image.default\">\n\t\t\t\t<div class=\"elementor-widget-container\">\n\t\t\t\t\t\t\t\t\t\t\t\t\t\t\t<img fetchpriority=\"high\" decoding=\"async\" width=\"800\" height=\"642\" src=\"https:\/\/x-profil.dk\/wp-content\/uploads\/2023\/07\/Om-os-billede.jpg\" class=\"attachment-large size-large wp-image-493\" alt=\"\" srcset=\"https:\/\/x-profil.dk\/wp-content\/uploads\/2023\/07\/Om-os-billede.jpg 868w, https:\/\/x-profil.dk\/wp-content\/uploads\/2023\/07\/Om-os-billede-300x241.jpg 300w, https:\/\/x-profil.dk\/wp-content\/uploads\/2023\/07\/Om-os-billede-768x617.jpg 768w\" sizes=\"(max-width: 800px) 100vw, 800px\" \/>\t\t\t\t\t\t\t\t\t\t\t\t\t\t\t<\/div>\n\t\t\t\t<\/div>\n\t\t\t\t\t<\/div>\n\t\t<\/div>\n\t\t\t\t\t<\/div>\n\t\t<\/section>\n\t\t\t\t<section class=\"elementor-section elementor-top-section elementor-element elementor-element-059800a elementor-section-boxed elementor-section-height-default elementor-section-height-default\" data-id=\"059800a\" data-element_type=\"section\" data-e-type=\"section\">\n\t\t\t\t\t\t<div class=\"elementor-container elementor-column-gap-default\">\n\t\t\t\t\t<div class=\"elementor-column elementor-col-100 elementor-top-column elementor-element elementor-element-b412192\" data-id=\"b412192\" data-element_type=\"column\" data-e-type=\"column\">\n\t\t\t<div class=\"elementor-widget-wrap elementor-element-populated\">\n\t\t\t\t\t\t<div class=\"elementor-element elementor-element-022d636 elementor-widget elementor-widget-spacer\" data-id=\"022d636\" data-element_type=\"widget\" data-e-type=\"widget\" data-widget_type=\"spacer.default\">\n\t\t\t\t<div class=\"elementor-widget-container\">\n\t\t\t\t\t\t\t<div class=\"elementor-spacer\">\n\t\t\t<div class=\"elementor-spacer-inner\"><\/div>\n\t\t<\/div>\n\t\t\t\t\t\t<\/div>\n\t\t\t\t<\/div>\n\t\t\t\t\t<\/div>\n\t\t<\/div>\n\t\t\t\t\t<\/div>\n\t\t<\/section>\n\t\t\t\t<\/div>\n\t\t","protected":false},"excerpt":{"rendered":"<p>Om X-Profil Et stort og varieret udvalg i profil- og arbejdst\u00f8j X-Profil s\u00e6lger profil- og arbejdst\u00f8j, sikkerhedssko og fritidsbekl\u00e6dning, der beskytter dig i dit job og kl\u00e6der dig ogs\u00e5 p\u00e5 i din fritid. Vi har et bredt udvalg fra leverand\u00f8rer som Engel, Snickers, ID, Tee Jays, Lyngs\u00f8e m.fl. Vi forhandler en lang r\u00e6kke produkter i [&hellip;]<\/p>\n","protected":false},"author":1,"featured_media":0,"parent":0,"menu_order":0,"comment_status":"closed","ping_status":"open","template":"","meta":{"_acf_changed":false,"inline_featured_image":false,"footnotes":""},"class_list":["post-475","page","type-page","status-publish","hentry"],"acf":[],"_links":{"self":[{"href":"https:\/\/x-profil.dk\/index.php\/wp-json\/wp\/v2\/pages\/475","targetHints":{"allow":["GET"]}}],"collection":[{"href":"https:\/\/x-profil.dk\/index.php\/wp-json\/wp\/v2\/pages"}],"about":[{"href":"https:\/\/x-profil.dk\/index.php\/wp-json\/wp\/v2\/types\/page"}],"author":[{"embeddable":true,"href":"https:\/\/x-profil.dk\/index.php\/wp-json\/wp\/v2\/users\/1"}],"replies":[{"embeddable":true,"href":"https:\/\/x-profil.dk\/index.php\/wp-json\/wp\/v2\/comments?post=475"}],"version-history":[{"count":16,"href":"https:\/\/x-profil.dk\/index.php\/wp-json\/wp\/v2\/pages\/475\/revisions"}],"predecessor-version":[{"id":523,"href":"https:\/\/x-profil.dk\/index.php\/wp-json\/wp\/v2\/pages\/475\/revisions\/523"}],"wp:attachment":[{"href":"https:\/\/x-profil.dk\/index.php\/wp-json\/wp\/v2\/media?parent=475"}],"curies":[{"name":"wp","href":"https:\/\/api.w.org\/{rel}","templated":true}]}}